{"id":2264,"date":"2016-04-07T13:18:07","date_gmt":"2016-04-07T12:18:07","guid":{"rendered":"http:\/\/images.re\/?page_id=2264"},"modified":"2017-03-28T18:05:48","modified_gmt":"2017-03-28T17:05:48","slug":"benestroff","status":"publish","type":"page","link":"https:\/\/images.re\/?page_id=2264","title":{"rendered":"En passant par la Lorraine&#8230;"},"content":{"rendered":"<p>Toutes ces photos ont \u00e9t\u00e9 r\u00e9alis\u00e9es dans ma r\u00e9gion, en particulier autour du petit village de B\u00e9nestroff.<br \/>\nSes \u00e9tangs, sa gare ou h\u00e9las son ancienne gare, ses for\u00eats &#8230;<\/p>\n<p>&nbsp;<\/p>\n<div class='row'><div style='padding-bottom:30px;' class='span12 first-module module_number_1 module_cont  module_gallery'><div class='list-of-images images_in_a_row_4'>\n                        <div class=\"gallery_item\">\n\t\t\t\t\t\t\t<div class=\"gallery_item_padding\">\n\t\t\t\t\t\t\t\t<div class=\"gallery_item_wrapper\"><a href=\"https:\/\/images.re\/wp-content\/uploads\/2016\/04\/lorraine-9.jpg\" class=\"prettyPhoto\" rel=\"prettyPhoto[gallery1]\" title=\"\"><img style=\"display:none\" alt=\"\" src=\"\"><\/a><img class=\"gallery-stand-img\" src=\"https:\/\/images.re\/wp-content\/uploads\/2016\/04\/lorraine-9-570x368.jpg\" alt=\"\" width=\"570\" height=\"368\">\n\t\t\t\t\t\t\t\t\t<div class=\"gallery_fadder\"><\/div>\n\t\t\t\t\t\t\t\t\t<div class=\"gallery_likes gallery_likes_add \" data-attachid=\"3250\" data-modify=\"like\">\n\t\t\t\t\t\t\t\t\t\t<i class=\"stand_icon icon-heart-o\"><\/i>\n\t\t\t\t\t\t\t\t\t\t<span>5<\/span>\n\t\t\t\t\t\t\t\t\t<\/div>\t\t\t\t\t\t\t\t\t\n\t\t\t\t\t\t\t\t<\/div>\n\t\t\t\t\t\t\t<\/div>\n                        <\/div>\n                        \n                        <div class=\"gallery_item\">\n\t\t\t\t\t\t\t<div class=\"gallery_item_padding\">\n\t\t\t\t\t\t\t\t<div class=\"gallery_item_wrapper\"><a href=\"https:\/\/images.re\/wp-content\/uploads\/2016\/04\/benestroff-3.jpg\" class=\"prettyPhoto\" rel=\"prettyPhoto[gallery1]\" title=\"\"><img style=\"display:none\" alt=\"\" src=\"\"><\/a><img class=\"gallery-stand-img\" src=\"https:\/\/images.re\/wp-content\/uploads\/2016\/04\/benestroff-3-570x368.jpg\" alt=\"\" width=\"570\" height=\"368\">\n\t\t\t\t\t\t\t\t\t<div class=\"gallery_fadder\"><\/div>\n\t\t\t\t\t\t\t\t\t<div class=\"gallery_likes gallery_likes_add \" data-attachid=\"2342\" data-modify=\"like\">\n\t\t\t\t\t\t\t\t\t\t<i class=\"stand_icon icon-heart-o\"><\/i>\n\t\t\t\t\t\t\t\t\t\t<span>2<\/span>\n\t\t\t\t\t\t\t\t\t<\/div>\t\t\t\t\t\t\t\t\t\n\t\t\t\t\t\t\t\t<\/div>\n\t\t\t\t\t\t\t<\/div>\n                        <\/div>\n                        \n                        <div class=\"gallery_item\">\n\t\t\t\t\t\t\t<div class=\"gallery_item_padding\">\n\t\t\t\t\t\t\t\t<div class=\"gallery_item_wrapper\"><a href=\"https:\/\/images.re\/wp-content\/uploads\/2016\/04\/benestroff-5.jpg\" class=\"prettyPhoto\" rel=\"prettyPhoto[gallery1]\" title=\"\"><img style=\"display:none\" alt=\"\" src=\"\"><\/a><img class=\"gallery-stand-img\" src=\"https:\/\/images.re\/wp-content\/uploads\/2016\/04\/benestroff-5-570x368.jpg\" alt=\"\" width=\"570\" height=\"368\">\n\t\t\t\t\t\t\t\t\t<div class=\"gallery_fadder\"><\/div>\n\t\t\t\t\t\t\t\t\t<div class=\"gallery_likes gallery_likes_add \" data-attachid=\"2344\" data-modify=\"like\">\n\t\t\t\t\t\t\t\t\t\t<i class=\"stand_icon icon-heart-o\"><\/i>\n\t\t\t\t\t\t\t\t\t\t<span>0<\/span>\n\t\t\t\t\t\t\t\t\t<\/div>\t\t\t\t\t\t\t\t\t\n\t\t\t\t\t\t\t\t<\/div>\n\t\t\t\t\t\t\t<\/div>\n                        <\/div>\n                        \n                        <div class=\"gallery_item\">\n\t\t\t\t\t\t\t<div class=\"gallery_item_padding\">\n\t\t\t\t\t\t\t\t<div class=\"gallery_item_wrapper\"><a href=\"https:\/\/images.re\/wp-content\/uploads\/2016\/04\/lorraine-2.jpg\" class=\"prettyPhoto\" rel=\"prettyPhoto[gallery1]\" title=\"\"><img style=\"display:none\" alt=\"\" src=\"\"><\/a><img class=\"gallery-stand-img\" src=\"https:\/\/images.re\/wp-content\/uploads\/2016\/04\/lorraine-2-570x368.jpg\" alt=\"\" width=\"570\" height=\"368\">\n\t\t\t\t\t\t\t\t\t<div class=\"gallery_fadder\"><\/div>\n\t\t\t\t\t\t\t\t\t<div class=\"gallery_likes gallery_likes_add \" data-attachid=\"3243\" data-modify=\"like\">\n\t\t\t\t\t\t\t\t\t\t<i class=\"stand_icon icon-heart-o\"><\/i>\n\t\t\t\t\t\t\t\t\t\t<span>0<\/span>\n\t\t\t\t\t\t\t\t\t<\/div>\t\t\t\t\t\t\t\t\t\n\t\t\t\t\t\t\t\t<\/div>\n\t\t\t\t\t\t\t<\/div>\n                        <\/div>\n                        \n                        <div class=\"gallery_item\">\n\t\t\t\t\t\t\t<div class=\"gallery_item_padding\">\n\t\t\t\t\t\t\t\t<div class=\"gallery_item_wrapper\"><a href=\"https:\/\/images.re\/wp-content\/uploads\/2016\/04\/benestroff-8.jpg\" class=\"prettyPhoto\" rel=\"prettyPhoto[gallery1]\" title=\"\"><img style=\"display:none\" alt=\"\" src=\"\"><\/a><img class=\"gallery-stand-img\" src=\"https:\/\/images.re\/wp-content\/uploads\/2016\/04\/benestroff-8-570x368.jpg\" alt=\"\" width=\"570\" height=\"368\">\n\t\t\t\t\t\t\t\t\t<div class=\"gallery_fadder\"><\/div>\n\t\t\t\t\t\t\t\t\t<div class=\"gallery_likes gallery_likes_add \" data-attachid=\"2443\" data-modify=\"like\">\n\t\t\t\t\t\t\t\t\t\t<i class=\"stand_icon icon-heart-o\"><\/i>\n\t\t\t\t\t\t\t\t\t\t<span>5<\/span>\n\t\t\t\t\t\t\t\t\t<\/div>\t\t\t\t\t\t\t\t\t\n\t\t\t\t\t\t\t\t<\/div>\n\t\t\t\t\t\t\t<\/div>\n                        <\/div>\n                        \n                        <div class=\"gallery_item\">\n\t\t\t\t\t\t\t<div class=\"gallery_item_padding\">\n\t\t\t\t\t\t\t\t<div class=\"gallery_item_wrapper\"><a href=\"https:\/\/images.re\/wp-content\/uploads\/2016\/04\/lorraine.jpg\" class=\"prettyPhoto\" rel=\"prettyPhoto[gallery1]\" title=\"\"><img style=\"display:none\" alt=\"\" src=\"\"><\/a><img class=\"gallery-stand-img\" src=\"https:\/\/images.re\/wp-content\/uploads\/2016\/04\/lorraine-570x368.jpg\" alt=\"\" width=\"570\" height=\"368\">\n\t\t\t\t\t\t\t\t\t<div class=\"gallery_fadder\"><\/div>\n\t\t\t\t\t\t\t\t\t<div class=\"gallery_likes gallery_likes_add \" data-attachid=\"3251\" data-modify=\"like\">\n\t\t\t\t\t\t\t\t\t\t<i class=\"stand_icon icon-heart-o\"><\/i>\n\t\t\t\t\t\t\t\t\t\t<span>0<\/span>\n\t\t\t\t\t\t\t\t\t<\/div>\t\t\t\t\t\t\t\t\t\n\t\t\t\t\t\t\t\t<\/div>\n\t\t\t\t\t\t\t<\/div>\n                        <\/div>\n                        \n                        <div class=\"gallery_item\">\n\t\t\t\t\t\t\t<div class=\"gallery_item_padding\">\n\t\t\t\t\t\t\t\t<div class=\"gallery_item_wrapper\"><a href=\"https:\/\/images.re\/wp-content\/uploads\/2016\/04\/benestroff-7.jpg\" class=\"prettyPhoto\" rel=\"prettyPhoto[gallery1]\" title=\"\"><img style=\"display:none\" alt=\"\" src=\"\"><\/a><img class=\"gallery-stand-img\" src=\"https:\/\/images.re\/wp-content\/uploads\/2016\/04\/benestroff-7-570x368.jpg\" alt=\"\" width=\"570\" height=\"368\">\n\t\t\t\t\t\t\t\t\t<div class=\"gallery_fadder\"><\/div>\n\t\t\t\t\t\t\t\t\t<div class=\"gallery_likes gallery_likes_add \" data-attachid=\"2442\" data-modify=\"like\">\n\t\t\t\t\t\t\t\t\t\t<i class=\"stand_icon icon-heart-o\"><\/i>\n\t\t\t\t\t\t\t\t\t\t<span>0<\/span>\n\t\t\t\t\t\t\t\t\t<\/div>\t\t\t\t\t\t\t\t\t\n\t\t\t\t\t\t\t\t<\/div>\n\t\t\t\t\t\t\t<\/div>\n                        <\/div>\n                        \n                        <div class=\"gallery_item\">\n\t\t\t\t\t\t\t<div class=\"gallery_item_padding\">\n\t\t\t\t\t\t\t\t<div class=\"gallery_item_wrapper\"><a href=\"https:\/\/images.re\/wp-content\/uploads\/2016\/04\/lorraine-8.jpg\" class=\"prettyPhoto\" rel=\"prettyPhoto[gallery1]\" title=\"\"><img style=\"display:none\" alt=\"\" src=\"\"><\/a><img class=\"gallery-stand-img\" src=\"https:\/\/images.re\/wp-content\/uploads\/2016\/04\/lorraine-8-570x368.jpg\" alt=\"\" width=\"570\" height=\"368\">\n\t\t\t\t\t\t\t\t\t<div class=\"gallery_fadder\"><\/div>\n\t\t\t\t\t\t\t\t\t<div class=\"gallery_likes gallery_likes_add \" data-attachid=\"3249\" data-modify=\"like\">\n\t\t\t\t\t\t\t\t\t\t<i class=\"stand_icon icon-heart-o\"><\/i>\n\t\t\t\t\t\t\t\t\t\t<span>0<\/span>\n\t\t\t\t\t\t\t\t\t<\/div>\t\t\t\t\t\t\t\t\t\n\t\t\t\t\t\t\t\t<\/div>\n\t\t\t\t\t\t\t<\/div>\n                        <\/div>\n                        \n                        <div class=\"gallery_item\">\n\t\t\t\t\t\t\t<div class=\"gallery_item_padding\">\n\t\t\t\t\t\t\t\t<div class=\"gallery_item_wrapper\"><a href=\"https:\/\/images.re\/wp-content\/uploads\/2016\/04\/benestroff-10.jpg\" class=\"prettyPhoto\" rel=\"prettyPhoto[gallery1]\" title=\"\"><img style=\"display:none\" alt=\"\" src=\"\"><\/a><img class=\"gallery-stand-img\" src=\"https:\/\/images.re\/wp-content\/uploads\/2016\/04\/benestroff-10-570x368.jpg\" alt=\"\" width=\"570\" height=\"368\">\n\t\t\t\t\t\t\t\t\t<div class=\"gallery_fadder\"><\/div>\n\t\t\t\t\t\t\t\t\t<div class=\"gallery_likes gallery_likes_add \" data-attachid=\"2445\" data-modify=\"like\">\n\t\t\t\t\t\t\t\t\t\t<i class=\"stand_icon icon-heart-o\"><\/i>\n\t\t\t\t\t\t\t\t\t\t<span>6<\/span>\n\t\t\t\t\t\t\t\t\t<\/div>\t\t\t\t\t\t\t\t\t\n\t\t\t\t\t\t\t\t<\/div>\n\t\t\t\t\t\t\t<\/div>\n                        <\/div>\n                        \n                        <div class=\"gallery_item\">\n\t\t\t\t\t\t\t<div class=\"gallery_item_padding\">\n\t\t\t\t\t\t\t\t<div class=\"gallery_item_wrapper\"><a href=\"https:\/\/images.re\/wp-content\/uploads\/2016\/04\/lorraine-3.jpg\" class=\"prettyPhoto\" rel=\"prettyPhoto[gallery1]\" title=\"\"><img style=\"display:none\" alt=\"\" src=\"\"><\/a><img class=\"gallery-stand-img\" src=\"https:\/\/images.re\/wp-content\/uploads\/2016\/04\/lorraine-3-570x368.jpg\" alt=\"\" width=\"570\" height=\"368\">\n\t\t\t\t\t\t\t\t\t<div class=\"gallery_fadder\"><\/div>\n\t\t\t\t\t\t\t\t\t<div class=\"gallery_likes gallery_likes_add \" data-attachid=\"3244\" data-modify=\"like\">\n\t\t\t\t\t\t\t\t\t\t<i class=\"stand_icon icon-heart-o\"><\/i>\n\t\t\t\t\t\t\t\t\t\t<span>0<\/span>\n\t\t\t\t\t\t\t\t\t<\/div>\t\t\t\t\t\t\t\t\t\n\t\t\t\t\t\t\t\t<\/div>\n\t\t\t\t\t\t\t<\/div>\n                        <\/div>\n                        \n                        <div class=\"gallery_item\">\n\t\t\t\t\t\t\t<div class=\"gallery_item_padding\">\n\t\t\t\t\t\t\t\t<div class=\"gallery_item_wrapper\"><a href=\"https:\/\/images.re\/wp-content\/uploads\/2016\/04\/lorraine-4.jpg\" class=\"prettyPhoto\" rel=\"prettyPhoto[gallery1]\" title=\"\"><img style=\"display:none\" alt=\"\" src=\"\"><\/a><img class=\"gallery-stand-img\" src=\"https:\/\/images.re\/wp-content\/uploads\/2016\/04\/lorraine-4-570x368.jpg\" alt=\"\" width=\"570\" height=\"368\">\n\t\t\t\t\t\t\t\t\t<div class=\"gallery_fadder\"><\/div>\n\t\t\t\t\t\t\t\t\t<div class=\"gallery_likes gallery_likes_add \" data-attachid=\"3245\" data-modify=\"like\">\n\t\t\t\t\t\t\t\t\t\t<i class=\"stand_icon icon-heart-o\"><\/i>\n\t\t\t\t\t\t\t\t\t\t<span>1<\/span>\n\t\t\t\t\t\t\t\t\t<\/div>\t\t\t\t\t\t\t\t\t\n\t\t\t\t\t\t\t\t<\/div>\n\t\t\t\t\t\t\t<\/div>\n                        <\/div>\n                        \n                        <div class=\"gallery_item\">\n\t\t\t\t\t\t\t<div class=\"gallery_item_padding\">\n\t\t\t\t\t\t\t\t<div class=\"gallery_item_wrapper\"><a href=\"https:\/\/images.re\/wp-content\/uploads\/2016\/04\/benestroff-12.jpg\" class=\"prettyPhoto\" rel=\"prettyPhoto[gallery1]\" title=\"\"><img style=\"display:none\" alt=\"\" src=\"\"><\/a><img class=\"gallery-stand-img\" src=\"https:\/\/images.re\/wp-content\/uploads\/2016\/04\/benestroff-12-570x368.jpg\" alt=\"\" width=\"570\" height=\"368\">\n\t\t\t\t\t\t\t\t\t<div class=\"gallery_fadder\"><\/div>\n\t\t\t\t\t\t\t\t\t<div class=\"gallery_likes gallery_likes_add \" data-attachid=\"2541\" data-modify=\"like\">\n\t\t\t\t\t\t\t\t\t\t<i class=\"stand_icon icon-heart-o\"><\/i>\n\t\t\t\t\t\t\t\t\t\t<span>0<\/span>\n\t\t\t\t\t\t\t\t\t<\/div>\t\t\t\t\t\t\t\t\t\n\t\t\t\t\t\t\t\t<\/div>\n\t\t\t\t\t\t\t<\/div>\n                        <\/div>\n                        \n                        <div class=\"gallery_item\">\n\t\t\t\t\t\t\t<div class=\"gallery_item_padding\">\n\t\t\t\t\t\t\t\t<div class=\"gallery_item_wrapper\"><a href=\"https:\/\/images.re\/wp-content\/uploads\/2016\/04\/lorraine-5.jpg\" class=\"prettyPhoto\" rel=\"prettyPhoto[gallery1]\" title=\"\"><img style=\"display:none\" alt=\"\" src=\"\"><\/a><img class=\"gallery-stand-img\" src=\"https:\/\/images.re\/wp-content\/uploads\/2016\/04\/lorraine-5-570x368.jpg\" alt=\"\" width=\"570\" height=\"368\">\n\t\t\t\t\t\t\t\t\t<div class=\"gallery_fadder\"><\/div>\n\t\t\t\t\t\t\t\t\t<div class=\"gallery_likes gallery_likes_add \" data-attachid=\"3246\" data-modify=\"like\">\n\t\t\t\t\t\t\t\t\t\t<i class=\"stand_icon icon-heart-o\"><\/i>\n\t\t\t\t\t\t\t\t\t\t<span>0<\/span>\n\t\t\t\t\t\t\t\t\t<\/div>\t\t\t\t\t\t\t\t\t\n\t\t\t\t\t\t\t\t<\/div>\n\t\t\t\t\t\t\t<\/div>\n                        <\/div>\n                        \n                        <div class=\"gallery_item\">\n\t\t\t\t\t\t\t<div class=\"gallery_item_padding\">\n\t\t\t\t\t\t\t\t<div class=\"gallery_item_wrapper\"><a href=\"https:\/\/images.re\/wp-content\/uploads\/2016\/04\/lorraine-6.jpg\" class=\"prettyPhoto\" rel=\"prettyPhoto[gallery1]\" title=\"\"><img style=\"display:none\" alt=\"\" src=\"\"><\/a><img class=\"gallery-stand-img\" src=\"https:\/\/images.re\/wp-content\/uploads\/2016\/04\/lorraine-6-570x368.jpg\" alt=\"\" width=\"570\" height=\"368\">\n\t\t\t\t\t\t\t\t\t<div class=\"gallery_fadder\"><\/div>\n\t\t\t\t\t\t\t\t\t<div class=\"gallery_likes gallery_likes_add \" data-attachid=\"3247\" data-modify=\"like\">\n\t\t\t\t\t\t\t\t\t\t<i class=\"stand_icon icon-heart-o\"><\/i>\n\t\t\t\t\t\t\t\t\t\t<span>3<\/span>\n\t\t\t\t\t\t\t\t\t<\/div>\t\t\t\t\t\t\t\t\t\n\t\t\t\t\t\t\t\t<\/div>\n\t\t\t\t\t\t\t<\/div>\n                        <\/div>\n                        \n                        <div class=\"gallery_item\">\n\t\t\t\t\t\t\t<div class=\"gallery_item_padding\">\n\t\t\t\t\t\t\t\t<div class=\"gallery_item_wrapper\"><a href=\"https:\/\/images.re\/wp-content\/uploads\/2016\/04\/lorraine-7.jpg\" class=\"prettyPhoto\" rel=\"prettyPhoto[gallery1]\" title=\"\"><img style=\"display:none\" alt=\"\" src=\"\"><\/a><img class=\"gallery-stand-img\" src=\"https:\/\/images.re\/wp-content\/uploads\/2016\/04\/lorraine-7-570x368.jpg\" alt=\"\" width=\"570\" height=\"368\">\n\t\t\t\t\t\t\t\t\t<div class=\"gallery_fadder\"><\/div>\n\t\t\t\t\t\t\t\t\t<div class=\"gallery_likes gallery_likes_add \" data-attachid=\"3248\" data-modify=\"like\">\n\t\t\t\t\t\t\t\t\t\t<i class=\"stand_icon icon-heart-o\"><\/i>\n\t\t\t\t\t\t\t\t\t\t<span>0<\/span>\n\t\t\t\t\t\t\t\t\t<\/div>\t\t\t\t\t\t\t\t\t\n\t\t\t\t\t\t\t\t<\/div>\n\t\t\t\t\t\t\t<\/div>\n                        <\/div>\n                        \n                        <div class=\"gallery_item\">\n\t\t\t\t\t\t\t<div class=\"gallery_item_padding\">\n\t\t\t\t\t\t\t\t<div class=\"gallery_item_wrapper\"><a href=\"https:\/\/images.re\/wp-content\/uploads\/2016\/04\/benestroff-4.jpg\" class=\"prettyPhoto\" rel=\"prettyPhoto[gallery1]\" title=\"\"><img style=\"display:none\" alt=\"\" src=\"\"><\/a><img class=\"gallery-stand-img\" src=\"https:\/\/images.re\/wp-content\/uploads\/2016\/04\/benestroff-4-570x368.jpg\" alt=\"\" width=\"570\" height=\"368\">\n\t\t\t\t\t\t\t\t\t<div class=\"gallery_fadder\"><\/div>\n\t\t\t\t\t\t\t\t\t<div class=\"gallery_likes gallery_likes_add \" data-attachid=\"2343\" data-modify=\"like\">\n\t\t\t\t\t\t\t\t\t\t<i class=\"stand_icon icon-heart-o\"><\/i>\n\t\t\t\t\t\t\t\t\t\t<span>1<\/span>\n\t\t\t\t\t\t\t\t\t<\/div>\t\t\t\t\t\t\t\t\t\n\t\t\t\t\t\t\t\t<\/div>\n\t\t\t\t\t\t\t<\/div>\n                        <\/div>\n                        \n                        <div class=\"gallery_item\">\n\t\t\t\t\t\t\t<div class=\"gallery_item_padding\">\n\t\t\t\t\t\t\t\t<div class=\"gallery_item_wrapper\"><a href=\"https:\/\/images.re\/wp-content\/uploads\/2016\/04\/lorraine-10.jpg\" class=\"prettyPhoto\" rel=\"prettyPhoto[gallery1]\" title=\"\"><img style=\"display:none\" alt=\"\" src=\"\"><\/a><img class=\"gallery-stand-img\" src=\"https:\/\/images.re\/wp-content\/uploads\/2016\/04\/lorraine-10-570x368.jpg\" alt=\"\" width=\"570\" height=\"368\">\n\t\t\t\t\t\t\t\t\t<div class=\"gallery_fadder\"><\/div>\n\t\t\t\t\t\t\t\t\t<div class=\"gallery_likes gallery_likes_add \" data-attachid=\"3252\" data-modify=\"like\">\n\t\t\t\t\t\t\t\t\t\t<i class=\"stand_icon icon-heart-o\"><\/i>\n\t\t\t\t\t\t\t\t\t\t<span>0<\/span>\n\t\t\t\t\t\t\t\t\t<\/div>\t\t\t\t\t\t\t\t\t\n\t\t\t\t\t\t\t\t<\/div>\n\t\t\t\t\t\t\t<\/div>\n                        <\/div>\n                        \n                        <div class=\"gallery_item\">\n\t\t\t\t\t\t\t<div class=\"gallery_item_padding\">\n\t\t\t\t\t\t\t\t<div class=\"gallery_item_wrapper\"><a href=\"https:\/\/images.re\/wp-content\/uploads\/2016\/04\/lorraine-11.jpg\" class=\"prettyPhoto\" rel=\"prettyPhoto[gallery1]\" title=\"\"><img style=\"display:none\" alt=\"\" src=\"\"><\/a><img class=\"gallery-stand-img\" src=\"https:\/\/images.re\/wp-content\/uploads\/2016\/04\/lorraine-11-570x368.jpg\" alt=\"\" width=\"570\" height=\"368\">\n\t\t\t\t\t\t\t\t\t<div class=\"gallery_fadder\"><\/div>\n\t\t\t\t\t\t\t\t\t<div class=\"gallery_likes gallery_likes_add \" data-attachid=\"3253\" data-modify=\"like\">\n\t\t\t\t\t\t\t\t\t\t<i class=\"stand_icon icon-heart-o\"><\/i>\n\t\t\t\t\t\t\t\t\t\t<span>1<\/span>\n\t\t\t\t\t\t\t\t\t<\/div>\t\t\t\t\t\t\t\t\t\n\t\t\t\t\t\t\t\t<\/div>\n\t\t\t\t\t\t\t<\/div>\n                        <\/div>\n                        \n                        <div class=\"gallery_item\">\n\t\t\t\t\t\t\t<div class=\"gallery_item_padding\">\n\t\t\t\t\t\t\t\t<div class=\"gallery_item_wrapper\"><a href=\"https:\/\/images.re\/wp-content\/uploads\/2016\/04\/benestroff-9.jpg\" class=\"prettyPhoto\" rel=\"prettyPhoto[gallery1]\" title=\"\"><img style=\"display:none\" alt=\"\" src=\"\"><\/a><img class=\"gallery-stand-img\" src=\"https:\/\/images.re\/wp-content\/uploads\/2016\/04\/benestroff-9-570x368.jpg\" alt=\"\" width=\"570\" height=\"368\">\n\t\t\t\t\t\t\t\t\t<div class=\"gallery_fadder\"><\/div>\n\t\t\t\t\t\t\t\t\t<div class=\"gallery_likes gallery_likes_add \" data-attachid=\"2444\" data-modify=\"like\">\n\t\t\t\t\t\t\t\t\t\t<i class=\"stand_icon icon-heart-o\"><\/i>\n\t\t\t\t\t\t\t\t\t\t<span>0<\/span>\n\t\t\t\t\t\t\t\t\t<\/div>\t\t\t\t\t\t\t\t\t\n\t\t\t\t\t\t\t\t<\/div>\n\t\t\t\t\t\t\t<\/div>\n                        <\/div>\n                        \n                        <div class=\"gallery_item\">\n\t\t\t\t\t\t\t<div class=\"gallery_item_padding\">\n\t\t\t\t\t\t\t\t<div class=\"gallery_item_wrapper\"><a href=\"https:\/\/images.re\/wp-content\/uploads\/2016\/04\/lorraine-12.jpg\" class=\"prettyPhoto\" rel=\"prettyPhoto[gallery1]\" title=\"\"><img style=\"display:none\" alt=\"\" src=\"\"><\/a><img class=\"gallery-stand-img\" src=\"https:\/\/images.re\/wp-content\/uploads\/2016\/04\/lorraine-12-570x368.jpg\" alt=\"\" width=\"570\" height=\"368\">\n\t\t\t\t\t\t\t\t\t<div class=\"gallery_fadder\"><\/div>\n\t\t\t\t\t\t\t\t\t<div class=\"gallery_likes gallery_likes_add \" data-attachid=\"3257\" data-modify=\"like\">\n\t\t\t\t\t\t\t\t\t\t<i class=\"stand_icon icon-heart-o\"><\/i>\n\t\t\t\t\t\t\t\t\t\t<span>0<\/span>\n\t\t\t\t\t\t\t\t\t<\/div>\t\t\t\t\t\t\t\t\t\n\t\t\t\t\t\t\t\t<\/div>\n\t\t\t\t\t\t\t<\/div>\n                        <\/div>\n                        \n            <div class='clear'><\/div>\n            <\/div>\n            <\/div><!-- .module_cont --><\/div>","protected":false},"excerpt":{"rendered":"<p>Toutes ces photos ont \u00e9t\u00e9 r\u00e9alis\u00e9es dans ma r\u00e9gion, en particulier autour du petit village de B\u00e9nestroff. Ses \u00e9tangs, sa gare ou h\u00e9las son ancienne gare, ses for\u00eats &#8230; &nbsp; 5 2 0 0 5 0 0 0 6 0 1 0 0 3 0 1 0 1 0 0<\/p>\n","protected":false},"author":1,"featured_media":2344,"parent":0,"menu_order":0,"comment_status":"closed","ping_status":"closed","template":"page-center.php","meta":[],"yoast_head":"<!-- This site is optimized with the Yoast SEO plugin v19.9 - https:\/\/yoast.com\/wordpress\/plugins\/seo\/ -->\n<title>En passant par la Lorraine... - images.re<\/title>\n<meta name=\"robots\" content=\"index, follow, max-snippet:-1, max-image-preview:large, max-video-preview:-1\" \/>\n<link rel=\"canonical\" href=\"https:\/\/images.re\/?page_id=2264\" \/>\n<meta property=\"og:locale\" content=\"fr_FR\" \/>\n<meta property=\"og:type\" content=\"article\" \/>\n<meta property=\"og:title\" content=\"En passant par la Lorraine... - images.re\" \/>\n<meta property=\"og:description\" content=\"Toutes ces photos ont \u00e9t\u00e9 r\u00e9alis\u00e9es dans ma r\u00e9gion, en particulier autour du petit village de B\u00e9nestroff. Ses \u00e9tangs, sa gare ou h\u00e9las son ancienne gare, ses for\u00eats &#8230; &nbsp; 5 2 0 0 5 0 0 0 6 0 1 0 0 3 0 1 0 1 0 0\" \/>\n<meta property=\"og:url\" content=\"https:\/\/images.re\/?page_id=2264\" \/>\n<meta property=\"og:site_name\" content=\"images.re\" \/>\n<meta property=\"article:modified_time\" content=\"2017-03-28T17:05:48+00:00\" \/>\n<meta property=\"og:image\" content=\"https:\/\/images.re\/wp-content\/uploads\/2016\/04\/benestroff-5.jpg\" \/>\n\t<meta property=\"og:image:width\" content=\"1400\" \/>\n\t<meta property=\"og:image:height\" content=\"933\" \/>\n\t<meta property=\"og:image:type\" content=\"image\/jpeg\" \/>\n<meta name=\"twitter:card\" content=\"summary_large_image\" \/>\n<script type=\"application\/ld+json\" class=\"yoast-schema-graph\">{\"@context\":\"https:\/\/schema.org\",\"@graph\":[{\"@type\":\"WebPage\",\"@id\":\"https:\/\/images.re\/?page_id=2264\",\"url\":\"https:\/\/images.re\/?page_id=2264\",\"name\":\"En passant par la Lorraine... - images.re\",\"isPartOf\":{\"@id\":\"http:\/\/images.re\/#website\"},\"datePublished\":\"2016-04-07T12:18:07+00:00\",\"dateModified\":\"2017-03-28T17:05:48+00:00\",\"breadcrumb\":{\"@id\":\"https:\/\/images.re\/?page_id=2264#breadcrumb\"},\"inLanguage\":\"fr-FR\",\"potentialAction\":[{\"@type\":\"ReadAction\",\"target\":[\"https:\/\/images.re\/?page_id=2264\"]}]},{\"@type\":\"BreadcrumbList\",\"@id\":\"https:\/\/images.re\/?page_id=2264#breadcrumb\",\"itemListElement\":[{\"@type\":\"ListItem\",\"position\":1,\"name\":\"Accueil\",\"item\":\"http:\/\/images.re\/\"},{\"@type\":\"ListItem\",\"position\":2,\"name\":\"En passant par la Lorraine&#8230;\"}]},{\"@type\":\"WebSite\",\"@id\":\"http:\/\/images.re\/#website\",\"url\":\"http:\/\/images.re\/\",\"name\":\"images.re\",\"description\":\"Un album photo avec mes plus belles images ...\",\"potentialAction\":[{\"@type\":\"SearchAction\",\"target\":{\"@type\":\"EntryPoint\",\"urlTemplate\":\"http:\/\/images.re\/?s={search_term_string}\"},\"query-input\":\"required name=search_term_string\"}],\"inLanguage\":\"fr-FR\"}]}<\/script>\n<!-- \/ Yoast SEO plugin. -->","yoast_head_json":{"title":"En passant par la Lorraine... - images.re","robots":{"index":"index","follow":"follow","max-snippet":"max-snippet:-1","max-image-preview":"max-image-preview:large","max-video-preview":"max-video-preview:-1"},"canonical":"https:\/\/images.re\/?page_id=2264","og_locale":"fr_FR","og_type":"article","og_title":"En passant par la Lorraine... - images.re","og_description":"Toutes ces photos ont \u00e9t\u00e9 r\u00e9alis\u00e9es dans ma r\u00e9gion, en particulier autour du petit village de B\u00e9nestroff. Ses \u00e9tangs, sa gare ou h\u00e9las son ancienne gare, ses for\u00eats &#8230; &nbsp; 5 2 0 0 5 0 0 0 6 0 1 0 0 3 0 1 0 1 0 0","og_url":"https:\/\/images.re\/?page_id=2264","og_site_name":"images.re","article_modified_time":"2017-03-28T17:05:48+00:00","og_image":[{"width":1400,"height":933,"url":"https:\/\/images.re\/wp-content\/uploads\/2016\/04\/benestroff-5.jpg","type":"image\/jpeg"}],"twitter_card":"summary_large_image","schema":{"@context":"https:\/\/schema.org","@graph":[{"@type":"WebPage","@id":"https:\/\/images.re\/?page_id=2264","url":"https:\/\/images.re\/?page_id=2264","name":"En passant par la Lorraine... - images.re","isPartOf":{"@id":"http:\/\/images.re\/#website"},"datePublished":"2016-04-07T12:18:07+00:00","dateModified":"2017-03-28T17:05:48+00:00","breadcrumb":{"@id":"https:\/\/images.re\/?page_id=2264#breadcrumb"},"inLanguage":"fr-FR","potentialAction":[{"@type":"ReadAction","target":["https:\/\/images.re\/?page_id=2264"]}]},{"@type":"BreadcrumbList","@id":"https:\/\/images.re\/?page_id=2264#breadcrumb","itemListElement":[{"@type":"ListItem","position":1,"name":"Accueil","item":"http:\/\/images.re\/"},{"@type":"ListItem","position":2,"name":"En passant par la Lorraine&#8230;"}]},{"@type":"WebSite","@id":"http:\/\/images.re\/#website","url":"http:\/\/images.re\/","name":"images.re","description":"Un album photo avec mes plus belles images ...","potentialAction":[{"@type":"SearchAction","target":{"@type":"EntryPoint","urlTemplate":"http:\/\/images.re\/?s={search_term_string}"},"query-input":"required name=search_term_string"}],"inLanguage":"fr-FR"}]}},"_links":{"self":[{"href":"https:\/\/images.re\/index.php?rest_route=\/wp\/v2\/pages\/2264"}],"collection":[{"href":"https:\/\/images.re\/index.php?rest_route=\/wp\/v2\/pages"}],"about":[{"href":"https:\/\/images.re\/index.php?rest_route=\/wp\/v2\/types\/page"}],"author":[{"embeddable":true,"href":"https:\/\/images.re\/index.php?rest_route=\/wp\/v2\/users\/1"}],"replies":[{"embeddable":true,"href":"https:\/\/images.re\/index.php?rest_route=%2Fwp%2Fv2%2Fcomments&post=2264"}],"version-history":[{"count":4,"href":"https:\/\/images.re\/index.php?rest_route=\/wp\/v2\/pages\/2264\/revisions"}],"predecessor-version":[{"id":3256,"href":"https:\/\/images.re\/index.php?rest_route=\/wp\/v2\/pages\/2264\/revisions\/3256"}],"wp:featuredmedia":[{"embeddable":true,"href":"https:\/\/images.re\/index.php?rest_route=\/wp\/v2\/media\/2344"}],"wp:attachment":[{"href":"https:\/\/images.re\/index.php?rest_route=%2Fwp%2Fv2%2Fmedia&parent=2264"}],"curies":[{"name":"wp","href":"https:\/\/api.w.org\/{rel}","templated":true}]}}