{"id":3039,"date":"2017-03-13T06:50:48","date_gmt":"2017-03-13T05:50:48","guid":{"rendered":"http:\/\/images.re\/?page_id=3039"},"modified":"2017-03-14T11:31:37","modified_gmt":"2017-03-14T10:31:37","slug":"wouah","status":"publish","type":"page","link":"https:\/\/images.re\/?page_id=3039","title":{"rendered":"Wouah"},"content":{"rendered":"<p>Des photos, pour certaines inclassables, d&#8217;autres de v\u00e9ritables coup de coeur avec mes amis et ma famille.<br \/>\nComme cette nuit, dans l&#8217;enclos de la fournaise, avec Luc et Jean-Pierre, lorsque qu&#8217;un h\u00e9licopt\u00e8re appara\u00eet dans le ciel oranger.<br \/>\nMerci \u00e0 Geoffroy pour mon premier portrait et \u00e0 Adrien avec qui je partage une autre passion : celle des trains !<br \/>\nToujours avec Luc, comment ne pas \u00e9voquer les d\u00e9buts de Fournaise.info avec cette photo de bananier sur fond de lave rouge qui a figur\u00e9 \u00e0 la une du journal de l&#8217;\u00eele de la R\u00e9union.<\/p>\n<p>&nbsp;<\/p>\n<p>&nbsp;<\/p>\n<div class='row'><div style='padding-bottom:30px;' class='span12 first-module module_number_1 module_cont  module_gallery'><div class='list-of-images images_in_a_row_4'>\n                        <div class=\"gallery_item\">\n\t\t\t\t\t\t\t<div class=\"gallery_item_padding\">\n\t\t\t\t\t\t\t\t<div class=\"gallery_item_wrapper\"><a href=\"https:\/\/images.re\/wp-content\/uploads\/2017\/03\/ete2016-4.jpg\" class=\"prettyPhoto\" rel=\"prettyPhoto[gallery1]\" title=\"\"><img style=\"display:none\" alt=\"\" src=\"\"><\/a><img class=\"gallery-stand-img\" src=\"https:\/\/images.re\/wp-content\/uploads\/2017\/03\/ete2016-4-570x368.jpg\" alt=\"\" width=\"570\" height=\"368\">\n\t\t\t\t\t\t\t\t\t<div class=\"gallery_fadder\"><\/div>\n\t\t\t\t\t\t\t\t\t<div class=\"gallery_likes gallery_likes_add \" data-attachid=\"3043\" data-modify=\"like\">\n\t\t\t\t\t\t\t\t\t\t<i class=\"stand_icon icon-heart-o\"><\/i>\n\t\t\t\t\t\t\t\t\t\t<span>10<\/span>\n\t\t\t\t\t\t\t\t\t<\/div>\t\t\t\t\t\t\t\t\t\n\t\t\t\t\t\t\t\t<\/div>\n\t\t\t\t\t\t\t<\/div>\n                        <\/div>\n                        \n                        <div class=\"gallery_item\">\n\t\t\t\t\t\t\t<div class=\"gallery_item_padding\">\n\t\t\t\t\t\t\t\t<div class=\"gallery_item_wrapper\"><a href=\"https:\/\/images.re\/wp-content\/uploads\/2016\/04\/volcan_nuit2015.jpg\" class=\"prettyPhoto\" rel=\"prettyPhoto[gallery1]\" title=\"\"><img style=\"display:none\" alt=\"\" src=\"\"><\/a><img class=\"gallery-stand-img\" src=\"https:\/\/images.re\/wp-content\/uploads\/2016\/04\/volcan_nuit2015-570x368.jpg\" alt=\"\" width=\"570\" height=\"368\">\n\t\t\t\t\t\t\t\t\t<div class=\"gallery_fadder\"><\/div>\n\t\t\t\t\t\t\t\t\t<div class=\"gallery_likes gallery_likes_add \" data-attachid=\"2686\" data-modify=\"like\">\n\t\t\t\t\t\t\t\t\t\t<i class=\"stand_icon icon-heart-o\"><\/i>\n\t\t\t\t\t\t\t\t\t\t<span>5<\/span>\n\t\t\t\t\t\t\t\t\t<\/div>\t\t\t\t\t\t\t\t\t\n\t\t\t\t\t\t\t\t<\/div>\n\t\t\t\t\t\t\t<\/div>\n                        <\/div>\n                        \n                        <div class=\"gallery_item\">\n\t\t\t\t\t\t\t<div class=\"gallery_item_padding\">\n\t\t\t\t\t\t\t\t<div class=\"gallery_item_wrapper\"><a href=\"https:\/\/images.re\/wp-content\/uploads\/2017\/03\/ete2016-3.jpg\" class=\"prettyPhoto\" rel=\"prettyPhoto[gallery1]\" title=\"\"><img style=\"display:none\" alt=\"\" src=\"\"><\/a><img class=\"gallery-stand-img\" src=\"https:\/\/images.re\/wp-content\/uploads\/2017\/03\/ete2016-3-570x368.jpg\" alt=\"\" width=\"570\" height=\"368\">\n\t\t\t\t\t\t\t\t\t<div class=\"gallery_fadder\"><\/div>\n\t\t\t\t\t\t\t\t\t<div class=\"gallery_likes gallery_likes_add \" data-attachid=\"3035\" data-modify=\"like\">\n\t\t\t\t\t\t\t\t\t\t<i class=\"stand_icon icon-heart-o\"><\/i>\n\t\t\t\t\t\t\t\t\t\t<span>2<\/span>\n\t\t\t\t\t\t\t\t\t<\/div>\t\t\t\t\t\t\t\t\t\n\t\t\t\t\t\t\t\t<\/div>\n\t\t\t\t\t\t\t<\/div>\n                        <\/div>\n                        \n                        <div class=\"gallery_item\">\n\t\t\t\t\t\t\t<div class=\"gallery_item_padding\">\n\t\t\t\t\t\t\t\t<div class=\"gallery_item_wrapper\"><a href=\"https:\/\/images.re\/wp-content\/uploads\/2017\/03\/volcan_octobre-2.jpg\" class=\"prettyPhoto\" rel=\"prettyPhoto[gallery1]\" title=\"\"><img style=\"display:none\" alt=\"\" src=\"\"><\/a><img class=\"gallery-stand-img\" src=\"https:\/\/images.re\/wp-content\/uploads\/2017\/03\/volcan_octobre-2-570x368.jpg\" alt=\"\" width=\"570\" height=\"368\">\n\t\t\t\t\t\t\t\t\t<div class=\"gallery_fadder\"><\/div>\n\t\t\t\t\t\t\t\t\t<div class=\"gallery_likes gallery_likes_add \" data-attachid=\"3105\" data-modify=\"like\">\n\t\t\t\t\t\t\t\t\t\t<i class=\"stand_icon icon-heart-o\"><\/i>\n\t\t\t\t\t\t\t\t\t\t<span>0<\/span>\n\t\t\t\t\t\t\t\t\t<\/div>\t\t\t\t\t\t\t\t\t\n\t\t\t\t\t\t\t\t<\/div>\n\t\t\t\t\t\t\t<\/div>\n                        <\/div>\n                        \n                        <div class=\"gallery_item\">\n\t\t\t\t\t\t\t<div class=\"gallery_item_padding\">\n\t\t\t\t\t\t\t\t<div class=\"gallery_item_wrapper\"><a href=\"https:\/\/images.re\/wp-content\/uploads\/2017\/03\/ete2016-5.jpg\" class=\"prettyPhoto\" rel=\"prettyPhoto[gallery1]\" title=\"\"><img style=\"display:none\" alt=\"\" src=\"\"><\/a><img class=\"gallery-stand-img\" src=\"https:\/\/images.re\/wp-content\/uploads\/2017\/03\/ete2016-5-570x368.jpg\" alt=\"\" width=\"570\" height=\"368\">\n\t\t\t\t\t\t\t\t\t<div class=\"gallery_fadder\"><\/div>\n\t\t\t\t\t\t\t\t\t<div class=\"gallery_likes gallery_likes_add \" data-attachid=\"3036\" data-modify=\"like\">\n\t\t\t\t\t\t\t\t\t\t<i class=\"stand_icon icon-heart-o\"><\/i>\n\t\t\t\t\t\t\t\t\t\t<span>4<\/span>\n\t\t\t\t\t\t\t\t\t<\/div>\t\t\t\t\t\t\t\t\t\n\t\t\t\t\t\t\t\t<\/div>\n\t\t\t\t\t\t\t<\/div>\n                        <\/div>\n                        \n                        <div class=\"gallery_item\">\n\t\t\t\t\t\t\t<div class=\"gallery_item_padding\">\n\t\t\t\t\t\t\t\t<div class=\"gallery_item_wrapper\"><a href=\"https:\/\/images.re\/wp-content\/uploads\/2017\/03\/ete2016-6.jpg\" class=\"prettyPhoto\" rel=\"prettyPhoto[gallery1]\" title=\"\"><img style=\"display:none\" alt=\"\" src=\"\"><\/a><img class=\"gallery-stand-img\" src=\"https:\/\/images.re\/wp-content\/uploads\/2017\/03\/ete2016-6-570x368.jpg\" alt=\"\" width=\"570\" height=\"368\">\n\t\t\t\t\t\t\t\t\t<div class=\"gallery_fadder\"><\/div>\n\t\t\t\t\t\t\t\t\t<div class=\"gallery_likes gallery_likes_add \" data-attachid=\"3037\" data-modify=\"like\">\n\t\t\t\t\t\t\t\t\t\t<i class=\"stand_icon icon-heart-o\"><\/i>\n\t\t\t\t\t\t\t\t\t\t<span>13<\/span>\n\t\t\t\t\t\t\t\t\t<\/div>\t\t\t\t\t\t\t\t\t\n\t\t\t\t\t\t\t\t<\/div>\n\t\t\t\t\t\t\t<\/div>\n                        <\/div>\n                        \n                        <div class=\"gallery_item\">\n\t\t\t\t\t\t\t<div class=\"gallery_item_padding\">\n\t\t\t\t\t\t\t\t<div class=\"gallery_item_wrapper\"><a href=\"https:\/\/images.re\/wp-content\/uploads\/2017\/03\/ete2016.jpg\" class=\"prettyPhoto\" rel=\"prettyPhoto[gallery1]\" title=\"\"><img style=\"display:none\" alt=\"\" src=\"\"><\/a><img class=\"gallery-stand-img\" src=\"https:\/\/images.re\/wp-content\/uploads\/2017\/03\/ete2016-570x368.jpg\" alt=\"\" width=\"570\" height=\"368\">\n\t\t\t\t\t\t\t\t\t<div class=\"gallery_fadder\"><\/div>\n\t\t\t\t\t\t\t\t\t<div class=\"gallery_likes gallery_likes_add \" data-attachid=\"3038\" data-modify=\"like\">\n\t\t\t\t\t\t\t\t\t\t<i class=\"stand_icon icon-heart-o\"><\/i>\n\t\t\t\t\t\t\t\t\t\t<span>2<\/span>\n\t\t\t\t\t\t\t\t\t<\/div>\t\t\t\t\t\t\t\t\t\n\t\t\t\t\t\t\t\t<\/div>\n\t\t\t\t\t\t\t<\/div>\n                        <\/div>\n                        \n                        <div class=\"gallery_item\">\n\t\t\t\t\t\t\t<div class=\"gallery_item_padding\">\n\t\t\t\t\t\t\t\t<div class=\"gallery_item_wrapper\"><a href=\"https:\/\/images.re\/wp-content\/uploads\/2016\/05\/asie-23.jpg\" class=\"prettyPhoto\" rel=\"prettyPhoto[gallery1]\" title=\"\"><img style=\"display:none\" alt=\"\" src=\"\"><\/a><img class=\"gallery-stand-img\" src=\"https:\/\/images.re\/wp-content\/uploads\/2016\/05\/asie-23-570x368.jpg\" alt=\"\" width=\"570\" height=\"368\">\n\t\t\t\t\t\t\t\t\t<div class=\"gallery_fadder\"><\/div>\n\t\t\t\t\t\t\t\t\t<div class=\"gallery_likes gallery_likes_add \" data-attachid=\"2734\" data-modify=\"like\">\n\t\t\t\t\t\t\t\t\t\t<i class=\"stand_icon icon-heart-o\"><\/i>\n\t\t\t\t\t\t\t\t\t\t<span>3<\/span>\n\t\t\t\t\t\t\t\t\t<\/div>\t\t\t\t\t\t\t\t\t\n\t\t\t\t\t\t\t\t<\/div>\n\t\t\t\t\t\t\t<\/div>\n                        <\/div>\n                        \n                        <div class=\"gallery_item\">\n\t\t\t\t\t\t\t<div class=\"gallery_item_padding\">\n\t\t\t\t\t\t\t\t<div class=\"gallery_item_wrapper\"><a href=\"https:\/\/images.re\/wp-content\/uploads\/2016\/05\/volcan_2002-6.jpg\" class=\"prettyPhoto\" rel=\"prettyPhoto[gallery1]\" title=\"\"><img style=\"display:none\" alt=\"\" src=\"\"><\/a><img class=\"gallery-stand-img\" src=\"https:\/\/images.re\/wp-content\/uploads\/2016\/05\/volcan_2002-6-570x368.jpg\" alt=\"\" width=\"570\" height=\"368\">\n\t\t\t\t\t\t\t\t\t<div class=\"gallery_fadder\"><\/div>\n\t\t\t\t\t\t\t\t\t<div class=\"gallery_likes gallery_likes_add \" data-attachid=\"2651\" data-modify=\"like\">\n\t\t\t\t\t\t\t\t\t\t<i class=\"stand_icon icon-heart-o\"><\/i>\n\t\t\t\t\t\t\t\t\t\t<span>3<\/span>\n\t\t\t\t\t\t\t\t\t<\/div>\t\t\t\t\t\t\t\t\t\n\t\t\t\t\t\t\t\t<\/div>\n\t\t\t\t\t\t\t<\/div>\n                        <\/div>\n                        \n                        <div class=\"gallery_item\">\n\t\t\t\t\t\t\t<div class=\"gallery_item_padding\">\n\t\t\t\t\t\t\t\t<div class=\"gallery_item_wrapper\"><a href=\"https:\/\/images.re\/wp-content\/uploads\/2016\/05\/geof.jpg\" class=\"prettyPhoto\" rel=\"prettyPhoto[gallery1]\" title=\"\"><img style=\"display:none\" alt=\"\" src=\"\"><\/a><img class=\"gallery-stand-img\" src=\"https:\/\/images.re\/wp-content\/uploads\/2016\/05\/geof-570x368.jpg\" alt=\"\" width=\"570\" height=\"368\">\n\t\t\t\t\t\t\t\t\t<div class=\"gallery_fadder\"><\/div>\n\t\t\t\t\t\t\t\t\t<div class=\"gallery_likes gallery_likes_add \" data-attachid=\"2820\" data-modify=\"like\">\n\t\t\t\t\t\t\t\t\t\t<i class=\"stand_icon icon-heart-o\"><\/i>\n\t\t\t\t\t\t\t\t\t\t<span>2<\/span>\n\t\t\t\t\t\t\t\t\t<\/div>\t\t\t\t\t\t\t\t\t\n\t\t\t\t\t\t\t\t<\/div>\n\t\t\t\t\t\t\t<\/div>\n                        <\/div>\n                        \n                        <div class=\"gallery_item\">\n\t\t\t\t\t\t\t<div class=\"gallery_item_padding\">\n\t\t\t\t\t\t\t\t<div class=\"gallery_item_wrapper\"><a href=\"https:\/\/images.re\/wp-content\/uploads\/2016\/04\/terre_sainte-3.jpg\" class=\"prettyPhoto\" rel=\"prettyPhoto[gallery1]\" title=\"\"><img style=\"display:none\" alt=\"\" src=\"\"><\/a><img class=\"gallery-stand-img\" src=\"https:\/\/images.re\/wp-content\/uploads\/2016\/04\/terre_sainte-3-570x368.jpg\" alt=\"\" width=\"570\" height=\"368\">\n\t\t\t\t\t\t\t\t\t<div class=\"gallery_fadder\"><\/div>\n\t\t\t\t\t\t\t\t\t<div class=\"gallery_likes gallery_likes_add \" data-attachid=\"3045\" data-modify=\"like\">\n\t\t\t\t\t\t\t\t\t\t<i class=\"stand_icon icon-heart-o\"><\/i>\n\t\t\t\t\t\t\t\t\t\t<span>9<\/span>\n\t\t\t\t\t\t\t\t\t<\/div>\t\t\t\t\t\t\t\t\t\n\t\t\t\t\t\t\t\t<\/div>\n\t\t\t\t\t\t\t<\/div>\n                        <\/div>\n                        \n                        <div class=\"gallery_item\">\n\t\t\t\t\t\t\t<div class=\"gallery_item_padding\">\n\t\t\t\t\t\t\t\t<div class=\"gallery_item_wrapper\"><a href=\"https:\/\/images.re\/wp-content\/uploads\/2017\/03\/pic_diable.jpg\" class=\"prettyPhoto\" rel=\"prettyPhoto[gallery1]\" title=\"\"><img style=\"display:none\" alt=\"\" src=\"\"><\/a><img class=\"gallery-stand-img\" src=\"https:\/\/images.re\/wp-content\/uploads\/2017\/03\/pic_diable-570x368.jpg\" alt=\"\" width=\"570\" height=\"368\">\n\t\t\t\t\t\t\t\t\t<div class=\"gallery_fadder\"><\/div>\n\t\t\t\t\t\t\t\t\t<div class=\"gallery_likes gallery_likes_add \" data-attachid=\"3070\" data-modify=\"like\">\n\t\t\t\t\t\t\t\t\t\t<i class=\"stand_icon icon-heart-o\"><\/i>\n\t\t\t\t\t\t\t\t\t\t<span>2<\/span>\n\t\t\t\t\t\t\t\t\t<\/div>\t\t\t\t\t\t\t\t\t\n\t\t\t\t\t\t\t\t<\/div>\n\t\t\t\t\t\t\t<\/div>\n                        <\/div>\n                        \n                        <div class=\"gallery_item\">\n\t\t\t\t\t\t\t<div class=\"gallery_item_padding\">\n\t\t\t\t\t\t\t\t<div class=\"gallery_item_wrapper\"><a href=\"https:\/\/images.re\/wp-content\/uploads\/2017\/03\/ete2016-2.jpg\" class=\"prettyPhoto\" rel=\"prettyPhoto[gallery1]\" title=\"\"><img style=\"display:none\" alt=\"\" src=\"\"><\/a><img class=\"gallery-stand-img\" src=\"https:\/\/images.re\/wp-content\/uploads\/2017\/03\/ete2016-2-570x368.jpg\" alt=\"\" width=\"570\" height=\"368\">\n\t\t\t\t\t\t\t\t\t<div class=\"gallery_fadder\"><\/div>\n\t\t\t\t\t\t\t\t\t<div class=\"gallery_likes gallery_likes_add \" data-attachid=\"3034\" data-modify=\"like\">\n\t\t\t\t\t\t\t\t\t\t<i class=\"stand_icon icon-heart-o\"><\/i>\n\t\t\t\t\t\t\t\t\t\t<span>0<\/span>\n\t\t\t\t\t\t\t\t\t<\/div>\t\t\t\t\t\t\t\t\t\n\t\t\t\t\t\t\t\t<\/div>\n\t\t\t\t\t\t\t<\/div>\n                        <\/div>\n                        \n                        <div class=\"gallery_item\">\n\t\t\t\t\t\t\t<div class=\"gallery_item_padding\">\n\t\t\t\t\t\t\t\t<div class=\"gallery_item_wrapper\"><a href=\"https:\/\/images.re\/wp-content\/uploads\/2017\/03\/volcan_octobre-3.jpg\" class=\"prettyPhoto\" rel=\"prettyPhoto[gallery1]\" title=\"\"><img style=\"display:none\" alt=\"\" src=\"\"><\/a><img class=\"gallery-stand-img\" src=\"https:\/\/images.re\/wp-content\/uploads\/2017\/03\/volcan_octobre-3-570x368.jpg\" alt=\"\" width=\"570\" height=\"368\">\n\t\t\t\t\t\t\t\t\t<div class=\"gallery_fadder\"><\/div>\n\t\t\t\t\t\t\t\t\t<div class=\"gallery_likes gallery_likes_add \" data-attachid=\"3106\" data-modify=\"like\">\n\t\t\t\t\t\t\t\t\t\t<i class=\"stand_icon icon-heart-o\"><\/i>\n\t\t\t\t\t\t\t\t\t\t<span>0<\/span>\n\t\t\t\t\t\t\t\t\t<\/div>\t\t\t\t\t\t\t\t\t\n\t\t\t\t\t\t\t\t<\/div>\n\t\t\t\t\t\t\t<\/div>\n                        <\/div>\n                        \n                        <div class=\"gallery_item\">\n\t\t\t\t\t\t\t<div class=\"gallery_item_padding\">\n\t\t\t\t\t\t\t\t<div class=\"gallery_item_wrapper\"><a href=\"https:\/\/images.re\/wp-content\/uploads\/2016\/04\/voie_lactee-4.jpg\" class=\"prettyPhoto\" rel=\"prettyPhoto[gallery1]\" title=\"\"><img style=\"display:none\" alt=\"\" src=\"\"><\/a><img class=\"gallery-stand-img\" src=\"https:\/\/images.re\/wp-content\/uploads\/2016\/04\/voie_lactee-4-570x368.jpg\" alt=\"\" width=\"570\" height=\"368\">\n\t\t\t\t\t\t\t\t\t<div class=\"gallery_fadder\"><\/div>\n\t\t\t\t\t\t\t\t\t<div class=\"gallery_likes gallery_likes_add \" data-attachid=\"2949\" data-modify=\"like\">\n\t\t\t\t\t\t\t\t\t\t<i class=\"stand_icon icon-heart-o\"><\/i>\n\t\t\t\t\t\t\t\t\t\t<span>3<\/span>\n\t\t\t\t\t\t\t\t\t<\/div>\t\t\t\t\t\t\t\t\t\n\t\t\t\t\t\t\t\t<\/div>\n\t\t\t\t\t\t\t<\/div>\n                        <\/div>\n                        \n                        <div class=\"gallery_item\">\n\t\t\t\t\t\t\t<div class=\"gallery_item_padding\">\n\t\t\t\t\t\t\t\t<div class=\"gallery_item_wrapper\"><a href=\"https:\/\/images.re\/wp-content\/uploads\/2016\/05\/portrait-10-2.jpg\" class=\"prettyPhoto\" rel=\"prettyPhoto[gallery1]\" title=\"\"><img style=\"display:none\" alt=\"\" src=\"\"><\/a><img class=\"gallery-stand-img\" src=\"https:\/\/images.re\/wp-content\/uploads\/2016\/05\/portrait-10-2-570x368.jpg\" alt=\"\" width=\"570\" height=\"368\">\n\t\t\t\t\t\t\t\t\t<div class=\"gallery_fadder\"><\/div>\n\t\t\t\t\t\t\t\t\t<div class=\"gallery_likes gallery_likes_add \" data-attachid=\"2919\" data-modify=\"like\">\n\t\t\t\t\t\t\t\t\t\t<i class=\"stand_icon icon-heart-o\"><\/i>\n\t\t\t\t\t\t\t\t\t\t<span>3<\/span>\n\t\t\t\t\t\t\t\t\t<\/div>\t\t\t\t\t\t\t\t\t\n\t\t\t\t\t\t\t\t<\/div>\n\t\t\t\t\t\t\t<\/div>\n                        <\/div>\n                        \n            <div class='clear'><\/div>\n            <\/div>\n            <\/div><!-- .module_cont --><\/div>","protected":false},"excerpt":{"rendered":"<p>Des photos, pour certaines inclassables, d&#8217;autres de v\u00e9ritables coup de coeur avec mes amis et ma famille. Comme cette nuit, dans l&#8217;enclos de la fournaise, avec Luc et Jean-Pierre, lorsque qu&#8217;un h\u00e9licopt\u00e8re appara\u00eet dans le ciel oranger. Merci \u00e0 Geoffroy pour mon premier portrait et \u00e0 Adrien avec qui je partage une autre passion : celle des trains ! Toujours avec Luc, comment ne pas \u00e9voquer les d\u00e9buts de Fournaise.info avec cette photo de bananier sur fond de lave rouge qui a figur\u00e9 \u00e0 la une du journal de l&#8217;\u00eele de la R\u00e9union. &nbsp; &nbsp; 10 5 2 0 4 13 2 3 3 2 9 2 0 0 3 3<\/p>\n","protected":false},"author":1,"featured_media":3038,"parent":0,"menu_order":0,"comment_status":"closed","ping_status":"closed","template":"page-center.php","meta":[],"yoast_head":"<!-- This site is optimized with the Yoast SEO plugin v19.9 - https:\/\/yoast.com\/wordpress\/plugins\/seo\/ -->\n<title>Wouah - images.re<\/title>\n<meta name=\"robots\" content=\"index, follow, max-snippet:-1, max-image-preview:large, max-video-preview:-1\" \/>\n<link rel=\"canonical\" href=\"https:\/\/images.re\/?page_id=3039\" \/>\n<meta property=\"og:locale\" content=\"fr_FR\" \/>\n<meta property=\"og:type\" content=\"article\" \/>\n<meta property=\"og:title\" content=\"Wouah - images.re\" \/>\n<meta property=\"og:description\" content=\"Des photos, pour certaines inclassables, d&#8217;autres de v\u00e9ritables coup de coeur avec mes amis et ma famille. Comme cette nuit, dans l&#8217;enclos de la fournaise, avec Luc et Jean-Pierre, lorsque qu&#8217;un h\u00e9licopt\u00e8re appara\u00eet dans le ciel oranger. Merci \u00e0 Geoffroy pour mon premier portrait et \u00e0 Adrien avec qui je partage une autre passion : celle des trains ! Toujours avec Luc, comment ne pas \u00e9voquer les d\u00e9buts de Fournaise.info avec cette photo de bananier sur fond de lave rouge qui a figur\u00e9 \u00e0 la une du journal de l&#8217;\u00eele de la R\u00e9union. &nbsp; &nbsp; 10 5 2 0 4 13 2 3 3 2 9 2 0 0 3 3\" \/>\n<meta property=\"og:url\" content=\"https:\/\/images.re\/?page_id=3039\" \/>\n<meta property=\"og:site_name\" content=\"images.re\" \/>\n<meta property=\"article:modified_time\" content=\"2017-03-14T10:31:37+00:00\" \/>\n<meta property=\"og:image\" content=\"https:\/\/images.re\/wp-content\/uploads\/2017\/03\/ete2016-1024x682.jpg\" \/>\n\t<meta property=\"og:image:width\" content=\"1024\" \/>\n\t<meta property=\"og:image:height\" content=\"682\" \/>\n\t<meta property=\"og:image:type\" content=\"image\/jpeg\" \/>\n<meta name=\"twitter:card\" content=\"summary_large_image\" \/>\n<script type=\"application\/ld+json\" class=\"yoast-schema-graph\">{\"@context\":\"https:\/\/schema.org\",\"@graph\":[{\"@type\":\"WebPage\",\"@id\":\"https:\/\/images.re\/?page_id=3039\",\"url\":\"https:\/\/images.re\/?page_id=3039\",\"name\":\"Wouah - images.re\",\"isPartOf\":{\"@id\":\"http:\/\/images.re\/#website\"},\"datePublished\":\"2017-03-13T05:50:48+00:00\",\"dateModified\":\"2017-03-14T10:31:37+00:00\",\"breadcrumb\":{\"@id\":\"https:\/\/images.re\/?page_id=3039#breadcrumb\"},\"inLanguage\":\"fr-FR\",\"potentialAction\":[{\"@type\":\"ReadAction\",\"target\":[\"https:\/\/images.re\/?page_id=3039\"]}]},{\"@type\":\"BreadcrumbList\",\"@id\":\"https:\/\/images.re\/?page_id=3039#breadcrumb\",\"itemListElement\":[{\"@type\":\"ListItem\",\"position\":1,\"name\":\"Accueil\",\"item\":\"http:\/\/images.re\/\"},{\"@type\":\"ListItem\",\"position\":2,\"name\":\"Wouah\"}]},{\"@type\":\"WebSite\",\"@id\":\"http:\/\/images.re\/#website\",\"url\":\"http:\/\/images.re\/\",\"name\":\"images.re\",\"description\":\"Un album photo avec mes plus belles images ...\",\"potentialAction\":[{\"@type\":\"SearchAction\",\"target\":{\"@type\":\"EntryPoint\",\"urlTemplate\":\"http:\/\/images.re\/?s={search_term_string}\"},\"query-input\":\"required name=search_term_string\"}],\"inLanguage\":\"fr-FR\"}]}<\/script>\n<!-- \/ Yoast SEO plugin. -->","yoast_head_json":{"title":"Wouah - images.re","robots":{"index":"index","follow":"follow","max-snippet":"max-snippet:-1","max-image-preview":"max-image-preview:large","max-video-preview":"max-video-preview:-1"},"canonical":"https:\/\/images.re\/?page_id=3039","og_locale":"fr_FR","og_type":"article","og_title":"Wouah - images.re","og_description":"Des photos, pour certaines inclassables, d&#8217;autres de v\u00e9ritables coup de coeur avec mes amis et ma famille. Comme cette nuit, dans l&#8217;enclos de la fournaise, avec Luc et Jean-Pierre, lorsque qu&#8217;un h\u00e9licopt\u00e8re appara\u00eet dans le ciel oranger. Merci \u00e0 Geoffroy pour mon premier portrait et \u00e0 Adrien avec qui je partage une autre passion : celle des trains ! Toujours avec Luc, comment ne pas \u00e9voquer les d\u00e9buts de Fournaise.info avec cette photo de bananier sur fond de lave rouge qui a figur\u00e9 \u00e0 la une du journal de l&#8217;\u00eele de la R\u00e9union. &nbsp; &nbsp; 10 5 2 0 4 13 2 3 3 2 9 2 0 0 3 3","og_url":"https:\/\/images.re\/?page_id=3039","og_site_name":"images.re","article_modified_time":"2017-03-14T10:31:37+00:00","og_image":[{"width":1024,"height":682,"url":"https:\/\/images.re\/wp-content\/uploads\/2017\/03\/ete2016-1024x682.jpg","type":"image\/jpeg"}],"twitter_card":"summary_large_image","schema":{"@context":"https:\/\/schema.org","@graph":[{"@type":"WebPage","@id":"https:\/\/images.re\/?page_id=3039","url":"https:\/\/images.re\/?page_id=3039","name":"Wouah - images.re","isPartOf":{"@id":"http:\/\/images.re\/#website"},"datePublished":"2017-03-13T05:50:48+00:00","dateModified":"2017-03-14T10:31:37+00:00","breadcrumb":{"@id":"https:\/\/images.re\/?page_id=3039#breadcrumb"},"inLanguage":"fr-FR","potentialAction":[{"@type":"ReadAction","target":["https:\/\/images.re\/?page_id=3039"]}]},{"@type":"BreadcrumbList","@id":"https:\/\/images.re\/?page_id=3039#breadcrumb","itemListElement":[{"@type":"ListItem","position":1,"name":"Accueil","item":"http:\/\/images.re\/"},{"@type":"ListItem","position":2,"name":"Wouah"}]},{"@type":"WebSite","@id":"http:\/\/images.re\/#website","url":"http:\/\/images.re\/","name":"images.re","description":"Un album photo avec mes plus belles images ...","potentialAction":[{"@type":"SearchAction","target":{"@type":"EntryPoint","urlTemplate":"http:\/\/images.re\/?s={search_term_string}"},"query-input":"required name=search_term_string"}],"inLanguage":"fr-FR"}]}},"_links":{"self":[{"href":"https:\/\/images.re\/index.php?rest_route=\/wp\/v2\/pages\/3039"}],"collection":[{"href":"https:\/\/images.re\/index.php?rest_route=\/wp\/v2\/pages"}],"about":[{"href":"https:\/\/images.re\/index.php?rest_route=\/wp\/v2\/types\/page"}],"author":[{"embeddable":true,"href":"https:\/\/images.re\/index.php?rest_route=\/wp\/v2\/users\/1"}],"replies":[{"embeddable":true,"href":"https:\/\/images.re\/index.php?rest_route=%2Fwp%2Fv2%2Fcomments&post=3039"}],"version-history":[{"count":5,"href":"https:\/\/images.re\/index.php?rest_route=\/wp\/v2\/pages\/3039\/revisions"}],"predecessor-version":[{"id":3103,"href":"https:\/\/images.re\/index.php?rest_route=\/wp\/v2\/pages\/3039\/revisions\/3103"}],"wp:featuredmedia":[{"embeddable":true,"href":"https:\/\/images.re\/index.php?rest_route=\/wp\/v2\/media\/3038"}],"wp:attachment":[{"href":"https:\/\/images.re\/index.php?rest_route=%2Fwp%2Fv2%2Fmedia&parent=3039"}],"curies":[{"name":"wp","href":"https:\/\/api.w.org\/{rel}","templated":true}]}}